{"id":1401,"date":"2023-10-04T19:09:03","date_gmt":"2023-10-04T19:09:03","guid":{"rendered":"https:\/\/shop.theagony.cz\/?page_id=1401"},"modified":"2023-10-04T19:52:31","modified_gmt":"2023-10-04T19:52:31","slug":"vseobecne-obchodni-podminky","status":"publish","type":"page","link":"https:\/\/shop.theagony.cz\/en\/vseobecne-obchodni-podminky\/","title":{"rendered":"V\u0161eobecn\u00e9 obchodn\u00ed podm\u00ednky"},"content":{"rendered":"<p>I. Z\u00e1kladn\u00ed ustanoven\u00ed<br>Tyto V\u0161eobecn\u00e9 obchodn\u00ed podm\u00ednky (d\u00e1le jen \u201eVOP\u201c) upravuj\u00ed vztahy mezi<br>smluvn\u00edmi stranami kupn\u00ed smlouvy uzav\u0159en\u00e9 &#8222;na d\u00e1lku&#8220;, tedy prost\u0159ednictv\u00edm<br>elektronick\u00fdch \/ internetov\u00fdch m\u00e9di\u00ed, kdy na jedn\u00e9 stran\u011b je spole\u010dnost<br>Agony Production s.r.o., s\u00eddlem Praha 9 &#8211; Hrdlo\u0159ezy, \u010ceskobrodsk\u00e1 7\/34,<br>PS\u010c 190 00<br>I\u010c 24244643, DI\u010c CZ24244643<br>Sp. zn.: C 196799 veden\u00e1 u M\u011bstsk\u00e9ho soudu v Praze,<br>d\u00e1le jen &#8222;Prod\u00e1vaj\u00edc\u00ed&#8220;<br>a na stran\u011b druh\u00e9 je kupuj\u00edc\u00ed (d\u00e1le jen \u201eKupuj\u00edc\u00ed\u201c).<br>Kupuj\u00edc\u00edm je spot\u0159ebitel nebo podnikatel.<br>Spot\u0159ebitel je pro \u00fa\u010dely t\u011bchto VOP ka\u017ed\u00e1 fyzick\u00e1 osoba, kter\u00e1 mimo r\u00e1mec sv\u00e9<br>podnikatelsk\u00e9 \u010dinnosti \u010di samostatn\u00e9ho v\u00fdkonu sv\u00e9ho povol\u00e1n\u00ed uzav\u00edr\u00e1 smlouvu s<br>Prod\u00e1vaj\u00edc\u00edm nebo s n\u00ed jinak jedn\u00e1.<br>Podnikatel je pro \u00fa\u010dely t\u011bchto VOP ka\u017ed\u00e1 fyzick\u00e1 nebo pr\u00e1vnick\u00e1 osoba, kter\u00e1<br>samostatn\u011b vykon\u00e1v\u00e1 na vlastn\u00ed \u00fa\u010det v\u00fdd\u011ble\u010dnou \u010dinnost \u017eivnostensk\u00fdm nebo<br>obdobn\u00fdm zp\u016fsobem se z\u00e1m\u011brem \u010dinit tak soustavn\u011b za \u00fa\u010delem dosa\u017een\u00ed zisku. Za<br>podnikatele je pova\u017eov\u00e1n mj. pro \u00fa\u010dely ochrany spot\u0159ebitele tak\u00e9 ka\u017ed\u00e1 osoba, kter\u00e1<br>jedn\u00e1 jm\u00e9nem nebo na \u00fa\u010det podnikatele. Uvede-li Kupuj\u00edc\u00ed v objedn\u00e1vce sv\u00e9<br>identifika\u010dn\u00ed \u010d\u00edslo (I\u010c, I\u010cO) a\/nebo da\u0148ov\u00e9 identifika\u010dn\u00ed \u010d\u00edslo (DI\u010c) pak bere na<br>v\u011bdom\u00ed, \u017ee pro n\u011bj plat\u00ed pravidla uveden\u00e1 ve VOP pro podnikatele.<br>Kupuj\u00edc\u00ed pod\u00e1n\u00edm objedn\u00e1vky potvrzuje, \u017ee se p\u0159ed uzav\u0159en\u00edm smlouvy sezn\u00e1mil s<br>t\u011bmito VOP a \u017ee s nimi v\u00fdslovn\u011b souhlas\u00ed, a to ve zn\u011bn\u00ed platn\u00e9m a \u00fa\u010dinn\u00e9m v<br>moment\u011b odesl\u00e1n\u00ed objedn\u00e1vky.<br>Kopii VOP obdr\u017e\u00ed Kupuj\u00edc\u00ed jako p\u0159\u00edlohu potvrzen\u00ed objedn\u00e1vky na zadanou emailovou<br>adresu, spolu s v\u00fdzvou k platb\u011b.<br>II. Sd\u011blen\u00ed p\u0159ed uzav\u0159en\u00edm smlouvy<br>Prod\u00e1vaj\u00edc\u00ed sd\u011bluje, \u017ee<br>a. ne\u00fa\u010dtuje Kupuj\u00edc\u00edmu \u017e\u00e1dn\u00e9 n\u00e1klady na prost\u0159edky komunikace na d\u00e1lku a ani<br>nep\u0159ijme n\u00e1roky Kupujj\u00edc\u00edho na \u00fahradu jeho n\u00e1klad\u016f na komunikaci na d\u00e1lku.<br>b. po\u017eaduje \u00fahradu kupn\u00ed ceny p\u0159ed odesl\u00e1n\u00edm \u010di p\u0159evzet\u00edm pln\u011bn\u00ed Kupuj\u00edc\u00edm.<br>Cena, sd\u011blen\u00e1 v e-mailov\u00e9 komunikaci, je ze strany Prod\u00e1vaj\u00edc\u00edho kone\u010dn\u00e1 a<br>nebudou k n\u00ed n\u00e1sledn\u011b p\u0159ipo\u010d\u00edt\u00e1v\u00e1ny \u017e\u00e1dn\u00e9 dal\u0161\u00ed poplatky \u010di n\u00e1klady<br>jak\u00e9hokoli typu. V\u00fdjimkou mohou b\u00fdt pouze p\u0159\u00edpadn\u00e9 dal\u0161\u00ed n\u00e1klady, kter\u00e9 si<br>v\u00fdslovn\u011b vy\u017e\u00e1d\u00e1 Kupuj\u00edc\u00ed n\u00e1sledn\u011b (nap\u0159. zm\u011bna doru\u010dovac\u00ed adresy \u010di jin\u00e9<br>obdobn\u00e9 situace sd\u011blen\u00e9 Prod\u00e1vaj\u00edc\u00edmu a\u017e po odesl\u00e1n\u00ed v\u00fdzvy k platb\u011b).<br>c. v p\u0159\u00edpad\u011b, \u017ee Kupuj\u00edc\u00edm je Spot\u0159ebitel, m\u00e1 Spot\u0159ebitel pr\u00e1vo od smlouvy<br>odstoupit (nen\u00ed-li n\u00ed\u017ee uvedeno jinak) ve lh\u016ft\u011b \u010dtrn\u00e1cti kalend\u00e1\u0159n\u00edch dn\u016f, kter\u00e1<br>za\u010d\u00edn\u00e1 b\u011b\u017eet dnem doru\u010den\u00ed \/ p\u0159evzet\u00ed zbo\u017e\u00ed. V p\u0159\u00edpad\u011b zasl\u00e1n\u00ed zbo\u017e\u00ed a v<br>p\u0159\u00edpad\u011b, kdy nelze dolo\u017eit datum doru\u010den\u00ed Kupuj\u00edc\u00edmu \u010di adres\u00e1tovi, pova\u017euje<br>se za po\u010d\u00e1tek lh\u016fty p\u00e1t\u00fd pracovn\u00ed den po prokazateln\u00e9m odesl\u00e1n\u00ed z\u00e1silky se<br>zbo\u017e\u00edm.<br>d. Spot\u0159ebitel nem\u016f\u017ee, v souladu s \u00a71837 Ob\u010dansk\u00e9ho z\u00e1kon\u00edku odstoupit od<br>smlouvy:<br>i. o dod\u00e1vce zbo\u017e\u00ed, kter\u00e9 bylo vyrobeno \u010di upraveno podle p\u0159\u00e1n\u00ed<br>Spot\u0159ebitele (nap\u0159. reklamn\u00ed poti\u0161t\u011bn\u00fd textil)<br>ii. o dod\u00e1vce zvukov\u00e9 nebo obrazov\u00e9 nahr\u00e1vky, pokud s\u00e1m poru\u0161il jejich<br>p\u016fvodn\u00ed obal, anebo v p\u0159\u00edpad\u011b, kdy k poru\u0161en\u00ed obalu p\u0159ed odesl\u00e1n\u00edm<br>vyzval Prod\u00e1vaj\u00edc\u00edho (nap\u0159. kv\u016fli podeps\u00e1n\u00ed \/ v\u011bnov\u00e1n\u00ed na nosi\u010d<br>nahr\u00e1vky).<br>iii. o dod\u00e1n\u00ed digit\u00e1ln\u00edho obsahu, pokud nebyl dod\u00e1n na hmotn\u00e9m nosi\u010di a<br>byl dod\u00e1n s p\u0159edchoz\u00edm v\u00fdslovn\u00fdm souhlasem spot\u0159ebitele p\u0159ed<br>uplynut\u00edm lh\u016fty pro odstoupen\u00ed od smlouvy, Prod\u00e1vaj\u00edc\u00ed zd\u016fraz\u0148uje, \u017ee<br>v p\u0159\u00edpad\u011b dod\u00e1n\u00ed digit\u00e1ln\u00edho obsahu dod\u00e1van\u00e9ho on-line nelze od<br>takov\u00e9 smlouvy odstoupit;<br>h. v p\u0159\u00edpad\u011b odstoupen\u00ed od smlouvy ponese Spot\u0159ebitel n\u00e1klady spojen\u00e9 s<br>navr\u00e1cen\u00edm zbo\u017e\u00ed, a jde-li o smlouvu uzav\u0159enou prost\u0159ednictv\u00edm prost\u0159edku<br>komunikace na d\u00e1lku, n\u00e1klady za navr\u00e1cen\u00ed zbo\u017e\u00ed, jestli\u017ee toto zbo\u017e\u00ed nem\u016f\u017ee<br>b\u00fdt vr\u00e1ceno pro svou povahu obvyklou po\u0161tovn\u00ed cestou;<br>III. Smlouva<\/p>\n\n\n\n<ol>\n<li>Uzav\u0159en\u00ed smlouvy<br>Smlouva je uzav\u0159ena na z\u00e1klad\u011b e-mailov\u00e9 \u010di telefonick\u00e9 objedn\u00e1vky Kupuj\u00edc\u00edm,<br>zasl\u00e1n\u00edm v\u00fdzvy k platb\u011b Kupuj\u00edc\u00edmu a p\u0159ips\u00e1n\u00edm platby od Kupuj\u00edc\u00edho na \u00fa\u010det<br>Prod\u00e1vaj\u00edc\u00edho.<\/li>\n\n\n\n<li>Dod\u00e1n\u00ed p\u0159edm\u011btu koup\u011b<br>Prod\u00e1vaj\u00edc\u00ed se zavazuje Kupuj\u00edc\u00edmu v\u011bc odeslat \u010di p\u0159edat bez zbyte\u010dn\u00fdch odklad\u016f po<br>uzav\u0159en\u00ed smlouvy, tj. po p\u0159ips\u00e1n\u00ed platby na \u00fa\u010det kupuj\u00edc\u00edho.<\/li>\n\n\n\n<li>P\u0159echod nebezpe\u010d\u00ed \u0161kody<br>V\u011bc je vadn\u00e1, nem\u00e1-li sjednan\u00e9 vlastnosti. Za vadu se pova\u017euje i pln\u011bn\u00ed jin\u00e9 v\u011bci a<br>vady v dokladech nutn\u00fdch pro u\u017e\u00edv\u00e1n\u00ed v\u011bci.<br>Nebezpe\u010d\u00ed \u0161kody p\u0159ech\u00e1z\u00ed na Kupuj\u00edc\u00edho p\u0159evzet\u00edm v\u011bci. T\u00fd\u017e n\u00e1sledek m\u00e1,<br>nep\u0159evezme-li Kupuj\u00edc\u00ed v\u011bc, a\u010d mu s n\u00ed Prod\u00e1vaj\u00edc\u00ed umo\u017enil nakl\u00e1dat.<br>Pr\u00e1vo Kupuj\u00edc\u00edho z vadn\u00e9ho pln\u011bn\u00ed zakl\u00e1d\u00e1 vada, kterou m\u00e1 v\u011bc p\u0159i p\u0159echodu<br>nebezpe\u010d\u00ed \u0161kody na Kupuj\u00edc\u00edho, by\u0165 se projev\u00ed a\u017e pozd\u011bji. Pr\u00e1vo Kupuj\u00edc\u00edho zalo\u017e\u00ed i<br>pozd\u011bji vznikl\u00e1 vada, kterou Prod\u00e1vaj\u00edc\u00ed zp\u016fsobil poru\u0161en\u00edm sv\u00e9 povinnosti.<br>Kupuj\u00edc\u00ed v\u011bc podle mo\u017enosti prohl\u00e9dne co nejd\u0159\u00edve po p\u0159echodu nebezpe\u010d\u00ed \u0161kody na<br>v\u011bci a p\u0159esv\u011bd\u010d\u00ed se o jej\u00edch vlastnostech a mno\u017estv\u00ed.<br>\u0160koda na v\u011bci, vznikl\u00e1 po p\u0159echodu nebezpe\u010d\u00ed \u0161kody na v\u011bci na Kupuj\u00edc\u00edho, nem\u00e1<br>vliv na jeho povinnost zaplatit kupn\u00ed cenu, leda\u017ee Prod\u00e1vaj\u00edc\u00ed \u0161kodu zp\u016fsobil<br>poru\u0161en\u00edm sv\u00e9 povinnosti.<\/li>\n\n\n\n<li>Odpov\u011bdnost Prod\u00e1vaj\u00edc\u00edho<br>Prod\u00e1vaj\u00edc\u00ed odpov\u00edd\u00e1 Kupuj\u00edc\u00edmu, \u017ee v\u011bc p\u0159i p\u0159evzet\u00ed nem\u00e1 vady, zejm\u00e9na za to, \u017ee<br>v okam\u017eiku p\u0159evzet\u00ed v\u011bci Kupuj\u00edc\u00edm<br>a. m\u00e1 v\u011bc vlastnosti, kter\u00e9 si strany ujednaly, a chyb\u00ed-li ujedn\u00e1n\u00ed, takov\u00e9<br>vlastnosti, kter\u00e9 Prod\u00e1vaj\u00edc\u00ed nebo v\u00fdrobce popsal nebo kter\u00e9 Kupuj\u00edc\u00ed<br>o\u010dek\u00e1val s ohledem na povahu zbo\u017e\u00ed a na z\u00e1klad\u011b reklamy jimi prov\u00e1d\u011bn\u00e9;<br>b. se v\u011bc hod\u00ed k \u00fa\u010delu, kter\u00fd pro jej\u00ed pou\u017eit\u00ed Prod\u00e1vaj\u00edc\u00ed uv\u00e1d\u00ed nebo ke kter\u00e9mu<br>se v\u011bc tohoto druhu obvykle pou\u017e\u00edv\u00e1;<br>c. je v\u011bc v odpov\u00eddaj\u00edc\u00edm mno\u017estv\u00ed, m\u00ed\u0159e nebo hmotnosti; a<br>d. v\u011bc vyhovuje po\u017eadavk\u016fm pr\u00e1vn\u00edch p\u0159edpis\u016f.<br>Kupuj\u00edc\u00ed je opr\u00e1vn\u011bn uplatnit pr\u00e1vo z vady, kter\u00e1 se vyskytne u spot\u0159ebn\u00edho zbo\u017e\u00ed v<br>dob\u011b dvaceti \u010dty\u0159 m\u011bs\u00edc\u016f od p\u0159evzet\u00ed, nen\u00ed-li uvedeno jinak, to se v\u0161ak net\u00fdk\u00e1:<br>a. u v\u011bci prod\u00e1van\u00e9 za ni\u017e\u0161\u00ed cenu na vadu, pro kterou byla ni\u017e\u0161\u00ed cena ujedn\u00e1na;<br>b. na opot\u0159eben\u00ed v\u011bci zp\u016fsoben\u00e9 jej\u00edm obvykl\u00fdm u\u017e\u00edv\u00e1n\u00edm;<br>c. u pou\u017eit\u00e9 v\u011bci na vadu odpov\u00eddaj\u00edc\u00ed m\u00ed\u0159e pou\u017e\u00edv\u00e1n\u00ed nebo opot\u0159eben\u00ed, kterou<br>v\u011bc m\u011bla p\u0159i p\u0159evzet\u00ed Kupuj\u00edc\u00edm; nebo<br>d. vypl\u00fdv\u00e1-li to z povahy v\u011bci.<br>Pr\u00e1vo z vadn\u00e9ho pln\u011bn\u00ed Kupuj\u00edc\u00edmu nen\u00e1le\u017e\u00ed, pokud Kupuj\u00edc\u00ed p\u0159ed p\u0159evzet\u00edm v\u011bci<br>v\u011bd\u011bl, \u017ee v\u011bc m\u00e1 vadu, anebo pokud Kupuj\u00edc\u00ed vadu s\u00e1m zp\u016fsobil.<\/li>\n\n\n\n<li>Podstatn\u00e9 poru\u0161en\u00ed smlouvy<br>Je-li vadn\u00e9 pln\u011bn\u00ed podstatn\u00fdm poru\u0161en\u00edm smlouvy, m\u00e1 Kupuj\u00edc\u00ed pr\u00e1vo:<br>a. na odstran\u011bn\u00ed vady dod\u00e1n\u00edm nov\u00e9 v\u011bci bez vady nebo dod\u00e1n\u00edm chyb\u011bj\u00edc\u00ed v\u011bci,<br>pokud to nen\u00ed vzhledem k povaze vady nep\u0159im\u011b\u0159en\u00e9, ale pokud se vada t\u00fdk\u00e1<br>pouze sou\u010d\u00e1sti v\u011bci, m\u016f\u017ee Kupuj\u00edc\u00ed po\u017eadovat jen v\u00fdm\u011bnu sou\u010d\u00e1sti; nen\u00ed-li to<br>mo\u017en\u00e9, m\u016f\u017ee odstoupit od smlouvy. Je-li to v\u0161ak vzhledem k povaze vady<br>ne\u00fam\u011brn\u00e9, zejm\u00e9na lze-li vadu odstranit bez zbyte\u010dn\u00e9ho odkladu, m\u00e1 Kupuj\u00edc\u00ed<br>pr\u00e1vo na bezplatn\u00e9 odstran\u011bn\u00ed vady;<br>b. na odstran\u011bn\u00ed vady opravou v\u011bci;<br>c. na p\u0159im\u011b\u0159enou slevu z kupn\u00ed ceny; nebo<br>d. odstoupit od smlouvy.<br>Kupuj\u00edc\u00ed sd\u011bl\u00ed Prod\u00e1vaj\u00edc\u00edmu, jak\u00e9 pr\u00e1vo si zvolil, p\u0159i ozn\u00e1men\u00ed vady, nebo bez<br>zbyte\u010dn\u00e9ho odkladu po ozn\u00e1men\u00ed vady. Provedenou volbu nem\u016f\u017ee Kupuj\u00edc\u00ed zm\u011bnit<br>bez souhlasu Prod\u00e1vaj\u00edc\u00edho; to neplat\u00ed, \u017e\u00e1dal-li Kupuj\u00edc\u00ed opravu vady, kter\u00e1 se uk\u00e1\u017ee<br>jako neopraviteln\u00e1. Neodstran\u00ed-li Prod\u00e1vaj\u00edc\u00ed vady v p\u0159im\u011b\u0159en\u00e9 lh\u016ft\u011b \u010di ozn\u00e1m\u00ed-li<br>Kupuj\u00edc\u00edmu, \u017ee vady neodstran\u00ed, m\u016f\u017ee Kupuj\u00edc\u00ed po\u017eadovat m\u00edsto odstran\u011bn\u00ed vady<br>p\u0159im\u011b\u0159enou slevu z kupn\u00ed ceny, nebo m\u016f\u017ee od smlouvy odstoupit.<br>Nezvol\u00ed-li si Kupuj\u00edc\u00ed sv\u00e9 pr\u00e1vo v\u010das, m\u00e1 pr\u00e1va jako v p\u0159\u00edpad\u011b nepodstatn\u00e9ho<br>poru\u0161en\u00ed smlouvy \u2013 viz n\u00ed\u017ee.<br>Kupuj\u00edc\u00ed-spot\u0159ebitel m\u00e1 pr\u00e1vo na p\u0159im\u011b\u0159enou slevu i v p\u0159\u00edpad\u011b, \u017ee mu Prod\u00e1vaj\u00edc\u00ed<br>nem\u016f\u017ee dodat novou v\u011bc bez vad, vym\u011bnit jej\u00ed sou\u010d\u00e1st nebo v\u011bc opravit, jako\u017e i v<br>p\u0159\u00edpad\u011b, \u017ee Prod\u00e1vaj\u00edc\u00ed nezjedn\u00e1 n\u00e1pravu v p\u0159im\u011b\u0159en\u00e9 dob\u011b nebo \u017ee by zjedn\u00e1n\u00ed<br>n\u00e1pravy spot\u0159ebiteli p\u016fsobilo zna\u010dn\u00e9 obt\u00ed\u017ee.<\/li>\n\n\n\n<li>Nepodstatn\u00e9 poru\u0161en\u00ed smlouvy<br>Je-li vadn\u00e9 pln\u011bn\u00ed nepodstatn\u00fdm poru\u0161en\u00edm smlouvy, m\u00e1 Kupuj\u00edc\u00ed pr\u00e1vo na<br>odstran\u011bn\u00ed vady, anebo na p\u0159im\u011b\u0159enou slevu z kupn\u00ed ceny.<br>Dokud Kupuj\u00edc\u00ed neuplatn\u00ed pr\u00e1vo na slevu z kupn\u00ed ceny nebo neodstoup\u00ed od smlouvy,<br>m\u016f\u017ee Prod\u00e1vaj\u00edc\u00ed dodat to, co chyb\u00ed, nebo odstranit pr\u00e1vn\u00ed vadu. Jin\u00e9 vady m\u016f\u017ee<br>Prod\u00e1vaj\u00edc\u00ed odstranit podle sv\u00e9 volby opravou v\u011bci nebo dod\u00e1n\u00edm nov\u00e9 v\u011bci.<br>Neodstran\u00ed-li Prod\u00e1vaj\u00edc\u00ed vadu v\u011bci v\u010das nebo vadu v\u011bci odm\u00edtne odstranit, m\u016f\u017ee<br>Kupuj\u00edc\u00ed po\u017eadovat slevu z kupn\u00ed ceny, anebo m\u016f\u017ee od smlouvy odstoupit.<br>Provedenou volbu nem\u016f\u017ee Kupuj\u00edc\u00ed zm\u011bnit bez souhlasu Prod\u00e1vaj\u00edc\u00edho.<\/li>\n\n\n\n<li>Poru\u0161en\u00ed smlouvy obecn\u011b<br>Pr\u00e1vo na dod\u00e1n\u00ed nov\u00e9 v\u011bci, nebo v\u00fdm\u011bnu sou\u010d\u00e1sti m\u00e1 Kupuj\u00edc\u00ed i v p\u0159\u00edpad\u011b<br>odstraniteln\u00e9 vady, pokud nem\u016f\u017ee v\u011bc \u0159\u00e1dn\u011b u\u017e\u00edvat pro opakovan\u00fd v\u00fdskyt vady po<br>oprav\u011b nebo pro v\u011bt\u0161\u00ed po\u010det vad. V takov\u00e9m p\u0159\u00edpad\u011b m\u00e1 Kupuj\u00edc\u00ed i pr\u00e1vo od smlouvy<br>odstoupit.<br>P\u0159i dod\u00e1n\u00ed nov\u00e9 v\u011bci vr\u00e1t\u00ed Kupuj\u00edc\u00ed Prod\u00e1vaj\u00edc\u00edmu na jeho n\u00e1klady v\u011bc p\u016fvodn\u011b<br>dodanou, nedohodnou-li se strany jinak.<br>Neozn\u00e1mil-li Kupuj\u00edc\u00ed vadu bez zbyte\u010dn\u00e9ho odkladu pot\u00e9, co ji mohl p\u0159i v\u010dasn\u00e9<br>prohl\u00eddce a dostate\u010dn\u00e9 p\u00e9\u010di zjistit, soud mu pr\u00e1vo z vadn\u00e9ho pln\u011bn\u00ed nep\u0159izn\u00e1. Jedn\u00e1-<br>li se o skrytou vadu, plat\u00ed tot\u00e9\u017e, nebyla-li vada ozn\u00e1mena bez zbyte\u010dn\u00e9ho odkladu<br>pot\u00e9, co ji Kupuj\u00edc\u00ed mohl p\u0159i dostate\u010dn\u00e9 p\u00e9\u010di zjistit, nejpozd\u011bji v\u0161ak do dvou let po<br>odevzd\u00e1n\u00ed v\u011bci.<\/li>\n\n\n\n<li>Z\u00e1ruka za jakost<br>Z\u00e1ru\u010dn\u00ed doba b\u011b\u017e\u00ed od odevzd\u00e1n\u00ed v\u011bci Kupuj\u00edc\u00edmu; byla-li v\u011bc podle smlouvy<br>odesl\u00e1na, b\u011b\u017e\u00ed od dojit\u00ed v\u011bci do m\u00edsta ur\u010den\u00ed.<br>Kupuj\u00edc\u00ed nem\u00e1 pr\u00e1vo ze z\u00e1ruky, zp\u016fsobila-li vadu po p\u0159echodu nebezpe\u010d\u00ed \u0161kody na<br>v\u011bci na Kupuj\u00edc\u00edho vn\u011bj\u0161\u00ed ud\u00e1lost.<\/li>\n\n\n\n<li>U\u017e\u00edv\u00e1n\u00ed elektronick\u00e9ho obsahu<br>Kupuj\u00edc\u00ed je povinen p\u0159i u\u017e\u00edv\u00e1n\u00ed ve\u0161ker\u00e9ho elektronick\u00e9ho obsahu (pro \u00fa\u010dely VOP<br>rozum\u011bj audio nahr\u00e1vky, video nahr\u00e1vky apod.) zakoupen\u00e9ho u Prod\u00e1vaj\u00edc\u00edho<br>dodr\u017eovat povinnosti stanoven\u00e9 t\u011bmito VOP, pr\u00e1vn\u00edmi p\u0159edpisy upravuj\u00edc\u00edmi<br>autorsk\u00e1 d\u00edla, p\u0159\u00edpadn\u011b konkr\u00e9tn\u00edmi licen\u010dn\u00edmi podm\u00ednkami dan\u00e9ho produktu (nap\u0159.<br>EULA). Pokud Kupuj\u00edc\u00ed poru\u0161\u00ed takto stanoven\u00e9 povinnosti, pak je povinen uhradit<br>p\u0159\u00edpadnou n\u00e1hradu \u0161kody, p\u0159i\u010dem\u017e takov\u00e9 jedn\u00e1n\u00ed m\u016f\u017ee m\u00edt tak\u00e9 trestn\u011bpr\u00e1vn\u00ed<br>n\u00e1sledky.<br>Kupuj\u00edc\u00ed je opr\u00e1vn\u011bn ve\u0161ker\u00e1 elektronick\u00e1 d\u00edla u\u017e\u00edvat v\u00fdhradn\u011b pro svou osobn\u00ed<br>pot\u0159ebu, p\u0159i\u010dem\u017e \u00fa\u010delem tohoto u\u017e\u00edv\u00e1n\u00ed nen\u00ed dosa\u017een\u00ed p\u0159\u00edm\u00e9ho nebo nep\u0159\u00edm\u00e9ho<br>hospod\u00e1\u0159sk\u00e9ho nebo obchodn\u00edho prosp\u011bchu, nen\u00ed-li v licen\u010dn\u00edch podm\u00ednk\u00e1ch<br>uvedeno n\u011bco jin\u00e9ho. Kupuj\u00edc\u00ed tak\u00e9 nen\u00ed opr\u00e1vn\u011bn kop\u00edrovat zakoupen\u00fd elektronick\u00fd<br>obsah, ani jej jin\u00fdm zp\u016fsobem rozmno\u017eovat, po\u0159izovat z n\u011bj opisy, v\u00fdst\u0159i\u017eky a jinak<br>s n\u00edm nakl\u00e1dat v rozporu s autorsk\u00fdmi pr\u00e1vy, jin\u00fdmi pr\u00e1vn\u00edmi p\u0159edpisy a\/nebo<br>licen\u010dn\u00edmi podm\u00ednkami dan\u00e9ho produktu. P\u0159\u00edstup k elektronick\u00e9mu obsahu m\u016f\u017ee b\u00fdt<br>odep\u0159en \u010di licence m\u016f\u017ee b\u00fdt deaktivov\u00e1na, v p\u0159\u00edpad\u011b \u017ee elektronick\u00fd obsah byl<br>z\u00edsk\u00e1n v d\u016fsledku protipr\u00e1vn\u00ed \u010dinnosti.<br>Toto ustanoven\u00ed VOP se u\u017eije takt\u00e9\u017e na elektronick\u00fd obsah, kter\u00fd Prod\u00e1vaj\u00edc\u00ed poskytl<br>Kupuj\u00edc\u00edmu jako dar.<br>IV. Odstoupen\u00ed od smlouvy<\/li>\n\n\n\n<li>Odstoupen\u00ed od smlouvy spot\u0159ebitelem<br>Spot\u0159ebitel m\u00e1 pr\u00e1vo odstoupit od smlouvy ve lh\u016ft\u011b \u010dtrn\u00e1cti dn\u016f, s v\u00fdjimkou omezen\u00ed<br>podle odstavce II, p\u00edsmeno d) t\u00e9to smlouvy. Lh\u016fta podle v\u011bty prvn\u00ed b\u011b\u017e\u00ed ode dne<br>uzav\u0159en\u00ed smlouvy a jde-li o<br>a. kupn\u00ed smlouvu, ode dne p\u0159evzet\u00ed zbo\u017e\u00ed;<br>b. smlouvu, jej\u00edm\u017e p\u0159edm\u011btem je n\u011bkolik druh\u016f zbo\u017e\u00ed nebo dod\u00e1n\u00ed n\u011bkolika \u010d\u00e1st\u00ed,<br>ode dne p\u0159evzet\u00ed posledn\u00ed dod\u00e1vky zbo\u017e\u00ed; nebo<br>c. smlouvu, jej\u00edm\u017e p\u0159edm\u011btem je pravideln\u00e1 opakovan\u00e1 dod\u00e1vka zbo\u017e\u00ed, ode dne<br>p\u0159evzet\u00ed prvn\u00ed dod\u00e1vky zbo\u017e\u00ed.<br>Prod\u00e1vaj\u00edc\u00ed umo\u017e\u0148uje spot\u0159ebiteli odstoupit prost\u0159ednictv\u00edm e-mailov\u00e9 komunikace.<br>Odstoup\u00ed-li spot\u0159ebitel od smlouvy, za\u0161le nebo p\u0159ed\u00e1 Prod\u00e1vaj\u00edc\u00edmu bez zbyte\u010dn\u00e9ho<br>odkladu, nejpozd\u011bji do \u010dtrn\u00e1cti dn\u016f od odstoupen\u00ed od smlouvy, zbo\u017e\u00ed, kter\u00e9 od<br>Prod\u00e1vaj\u00edc\u00edho obdr\u017eel, a to na sv\u00e9 n\u00e1klady.<br>Zbo\u017e\u00ed by m\u011bl spot\u0159ebitel vr\u00e1tit \u00fapln\u00e9, tj. v\u010detn\u011b ve\u0161ker\u00e9ho dodan\u00e9ho p\u0159\u00edslu\u0161enstv\u00ed, s<br>kompletn\u00ed dokumentac\u00ed, nepo\u0161kozen\u00e9, \u010dist\u00e9, pokud mo\u017eno v\u010detn\u011b origin\u00e1ln\u00edho obalu,<br>ve stavu a hodnot\u011b, v jak\u00e9m zbo\u017e\u00ed p\u0159evzal.<br>Pokud se jedn\u00e1 o spot\u0159ebn\u00ed zbo\u017e\u00ed (nap\u0159. kosmetika, drogistick\u00e9 v\u00fdrobky apod.), pak<br>lze od smlouvy odstoupit, pouze pokud Kupuj\u00edc\u00ed dod\u00e1 zbo\u017e\u00ed nepo\u0161kozen\u00e9 a<br>nepou\u017eit\u00e9 v neporu\u0161en\u00e9m origin\u00e1ln\u00edm balen\u00ed.<br>Spot\u0159ebitel odpov\u00edd\u00e1 Prod\u00e1vaj\u00edc\u00edmu pouze za sn\u00ed\u017een\u00ed hodnoty zbo\u017e\u00ed, kter\u00e9 vzniklo v<br>d\u016fsledku nakl\u00e1d\u00e1n\u00ed s t\u00edmto zbo\u017e\u00edm jinak, ne\u017e je nutn\u00e9 s n\u00edm nakl\u00e1dat s ohledem na<br>jeho povahu a vlastnosti.<br>V p\u0159\u00edpad\u011b propl\u00e1cen\u00ed dobropisu v hotovosti m\u016f\u017ee Prod\u00e1vaj\u00edc\u00ed po\u017eadovat p\u0159edlo\u017een\u00ed<br>identifika\u010dn\u00edho pr\u016fkazu (OP nebo cestovn\u00ed pas), a to za \u00fa\u010delem p\u0159edch\u00e1zen\u00ed vzniku<br>\u0161kod a zamezen\u00ed legalizace v\u00fdnos\u016f poch\u00e1zej\u00edc\u00ed z trestn\u00e9 \u010dinnosti. Bez p\u0159edlo\u017een\u00ed<br>n\u011bkter\u00e9ho z t\u011bchto doklad\u016f m\u016f\u017ee Prod\u00e1vaj\u00edc\u00ed odm\u00edtnout pen\u011b\u017en\u00ed prost\u0159edky proplatit.<br>Odstoup\u00ed-li spot\u0159ebitel od smlouvy, vr\u00e1t\u00ed mu Prod\u00e1vaj\u00edc\u00ed bez zbyte\u010dn\u00e9ho odkladu,<br>nejpozd\u011bji do \u010dtrn\u00e1cti dn\u016f od odstoupen\u00ed od smlouvy, v\u0161echny pen\u011b\u017en\u00ed prost\u0159edky,<br>kter\u00e9 od n\u011bho na z\u00e1klad\u011b smlouvy p\u0159ijal, stejn\u00fdm zp\u016fsobem.<br>Odstoup\u00ed-li spot\u0159ebitel od smlouvy, nen\u00ed Kupuj\u00edc\u00ed povinen vr\u00e1tit p\u0159ijat\u00e9 pen\u011b\u017en\u00ed<br>prost\u0159edky spot\u0159ebiteli d\u0159\u00edve, ne\u017e mu spot\u0159ebitel zbo\u017e\u00ed p\u0159ed\u00e1.<br>V. Bezpe\u010dnost a ochrana informac\u00ed<br>Prod\u00e1vaj\u00edc\u00ed prohla\u0161uje, \u017ee ve\u0161ker\u00e9 osobn\u00ed \u00fadaje jsou d\u016fv\u011brn\u00e9, budou pou\u017eity pouze<br>k uskute\u010dn\u011bn\u00ed pln\u011bn\u00ed smlouvy s Kupuj\u00edc\u00edm. \u017d\u00e1dn\u00e9 z poskytnut\u00fdch osobn\u00edch \u00fadaj\u016f<br>nebudou jinak zve\u0159ejn\u011bny, poskytnuty t\u0159et\u00ed osob\u011b apod. s v\u00fdjimkou situace souvisej\u00edc\u00ed<br>s distribuc\u00ed \u010di platebn\u00edm stykem t\u00fdkaj\u00edc\u00edho se objednan\u00e9ho zbo\u017e\u00ed (sd\u011blen\u00ed jm\u00e9na,<br>\u010d\u00edsla \u00fa\u010dtu a adresy dod\u00e1n\u00ed). Prod\u00e1vaj\u00edc\u00ed postupuje tak, aby subjekt \u00fadaj\u016f neutrp\u011bl<br>\u00fajmu na sv\u00fdch pr\u00e1vech, zejm\u00e9na na pr\u00e1vu na zachov\u00e1n\u00ed lidsk\u00e9 d\u016fstojnosti, a tak\u00e9<br>db\u00e1 na ochranu p\u0159ed neopr\u00e1vn\u011bn\u00fdm zasahov\u00e1n\u00edm do soukrom\u00e9ho a osobn\u00edho \u017eivota<br>subjektu \u00fadaj\u016f. Ve\u0161ker\u00e9 osobn\u00ed \u00fadaje, kter\u00e9 jsou poskytnuty dobrovoln\u011b Kupuj\u00edc\u00edm<br>prod\u00e1vaj\u00edc\u00edmu za \u00fa\u010delem spln\u011bn\u00ed objedn\u00e1vky jsou shroma\u017e\u010fov\u00e1ny, zpracov\u00e1v\u00e1ny a<br>uchov\u00e1v\u00e1ny v souladu s platn\u00fdmi z\u00e1kony \u010cesk\u00e9 republiky, zejm\u00e9na se z\u00e1konem \u010d.<br>101\/2000 Sb., o ochran\u011b osobn\u00edch \u00fadaj\u016f, v platn\u00e9m a \u00fa\u010dinn\u00e9m zn\u011bn\u00ed, jedn\u00e1 se<br>zejm\u00e9na o jm\u00e9no, p\u0159\u00edjmen\u00ed, adresu, telefonn\u00ed \u010d\u00edslo, e-mailovou adresu. Kupuj\u00edc\u00ed d\u00e1v\u00e1<br>prod\u00e1vaj\u00edc\u00edmu sv\u016fj souhlas ke shroma\u017e\u010fov\u00e1n\u00ed a zpracov\u00e1n\u00ed t\u011bchto osobn\u00edch \u00fadaj\u016f<br>pro \u00fa\u010dely spln\u011bn\u00ed p\u0159edm\u011btu uzav\u00edran\u00e9 kupn\u00ed smlouvy, p\u0159\u00edpadn\u011b pro rozumnou<br>n\u00e1slednou komunikaci. .<br>V r\u00e1mci reklama\u010dn\u00edho \u0159\u00edzen\u00ed jsou od z\u00e1kazn\u00edk\u016f vy\u017eadov\u00e1ny n\u00e1sleduj\u00edc\u00ed \u00fadaje: jm\u00e9no,<br>p\u0159\u00edjmen\u00ed, adresa, telefonn\u00ed \u010d\u00edslo, a e-mail. Ve\u0161ker\u00e9 takto z\u00edskan\u00e9 osobn\u00ed \u00fadaje jsou<br>zpracov\u00e1v\u00e1ny v\u00fdhradn\u011b za \u00fa\u010delem nezbytn\u00fdm pro vy\u0159\u00edzen\u00ed reklamace a v souladu se<br>z\u00e1konem \u010d. 101\/2000 Sb., o ochran\u011b osobn\u00edch \u00fadaj\u016f, v platn\u00e9m a \u00fa\u010dinn\u00e9m zn\u011bn\u00ed,<br>n\u00e1sledn\u011b v souladu s Na\u0159\u00edzen\u00edm (EU) 2016\/679 (GDPR)<br>Kupuj\u00edc\u00ed m\u00e1 pr\u00e1vo p\u0159\u00edstupu ke sv\u00fdm osobn\u00edm \u00fadaj\u016fm a pr\u00e1vo na jejich opravu v\u010detn\u011b<br>pr\u00e1va po\u017eadovat vysv\u011btlen\u00ed a odstran\u011bn\u00ed z\u00e1vadn\u00e9ho stavu a dal\u0161\u00edch z\u00e1konn\u00fdch pr\u00e1v<br>k t\u011bmto \u00fadaj\u016fm.<br>VI. Z\u00e1ru\u010dn\u00ed podm\u00ednky<br>Z\u00e1ru\u010dn\u00ed podm\u00ednky na zbo\u017e\u00ed se \u0159\u00edd\u00ed p\u0159\u00edslu\u0161n\u00fdmi pr\u00e1vn\u00edmi p\u0159edpisy \u010cR. Jako z\u00e1ru\u010dn\u00ed<br>list obvykle slou\u017e\u00ed doklad o zakoupen\u00ed.<br>VII. Z\u00e1v\u011bre\u010dn\u00e1 ustanoven\u00ed<br>Vztahy a p\u0159\u00edpadn\u00e9 spory, kter\u00e9 vzniknou na z\u00e1klad\u011b smlouvy, budou \u0159e\u0161eny<br>v\u00fdhradn\u011b podle pr\u00e1va \u010cesk\u00e9 republiky a budou \u0159e\u0161eny p\u0159\u00edslu\u0161n\u00fdmi soudy \u010cesk\u00e9<br>republiky.<br>Smlouva je uzav\u00edr\u00e1na v \u010desk\u00e9m jazyce. Pokud vznikne pro pot\u0159ebu kupuj\u00edc\u00edho<br>p\u0159eklad textu smlouvy, plat\u00ed, \u017ee v p\u0159\u00edpad\u011b sporu o v\u00fdklad pojm\u016f plat\u00ed v\u00fdklad smlouvy<br>v \u010desk\u00e9m jazyce.<br>Tyto V\u0161eobecn\u00e9 obchodn\u00ed podm\u00ednky v\u010detn\u011b jejich sou\u010d\u00e1st\u00ed jsou platn\u00e9 a \u00fa\u010dinn\u00e9 od<\/li>\n\n\n\n<li>5. 2018.<\/li>\n<\/ol>","protected":false},"excerpt":{"rendered":"<p>I. Z\u00e1kladn\u00ed ustanoven\u00edTyto V\u0161eobecn\u00e9 obchodn\u00ed podm\u00ednky (d\u00e1le jen \u201eVOP\u201c) upravuj\u00ed vztahy mezismluvn\u00edmi stranami kupn\u00ed smlouvy uzav\u0159en\u00e9 &#8222;na d\u00e1lku&#8220;, tedy prost\u0159ednictv\u00edmelektronick\u00fdch \/ internetov\u00fdch m\u00e9di\u00ed, kdy na jedn\u00e9 stran\u011b je spole\u010dnostAgony Production s.r.o., s\u00eddlem Praha 9 &#8211; Hrdlo\u0159ezy, \u010ceskobrodsk\u00e1 7\/34,PS\u010c 190 00I\u010c 24244643, DI\u010c CZ24244643Sp. zn.: C 196799 veden\u00e1 u M\u011bstsk\u00e9ho soudu v Praze,d\u00e1le jen &#8222;Prod\u00e1vaj\u00edc\u00ed&#8220;a na [&hellip;]<\/p>","protected":false},"author":2,"featured_media":0,"parent":0,"menu_order":0,"comment_status":"closed","ping_status":"closed","template":"","meta":{"footnotes":""},"_links":{"self":[{"href":"https:\/\/shop.theagony.cz\/en\/wp-json\/wp\/v2\/pages\/1401"}],"collection":[{"href":"https:\/\/shop.theagony.cz\/en\/wp-json\/wp\/v2\/pages"}],"about":[{"href":"https:\/\/shop.theagony.cz\/en\/wp-json\/wp\/v2\/types\/page"}],"author":[{"embeddable":true,"href":"https:\/\/shop.theagony.cz\/en\/wp-json\/wp\/v2\/users\/2"}],"replies":[{"embeddable":true,"href":"https:\/\/shop.theagony.cz\/en\/wp-json\/wp\/v2\/comments?post=1401"}],"version-history":[{"count":1,"href":"https:\/\/shop.theagony.cz\/en\/wp-json\/wp\/v2\/pages\/1401\/revisions"}],"predecessor-version":[{"id":1402,"href":"https:\/\/shop.theagony.cz\/en\/wp-json\/wp\/v2\/pages\/1401\/revisions\/1402"}],"wp:attachment":[{"href":"https:\/\/shop.theagony.cz\/en\/wp-json\/wp\/v2\/media?parent=1401"}],"curies":[{"name":"wp","href":"https:\/\/api.w.org\/{rel}","templated":true}]}}